{"id":4184,"date":"2025-11-27T10:27:11","date_gmt":"2025-11-27T10:27:11","guid":{"rendered":"https:\/\/smileclub.care\/?page_id=4184"},"modified":"2026-01-26T11:27:41","modified_gmt":"2026-01-26T11:27:41","slug":"conditions-generales","status":"publish","type":"page","link":"https:\/\/smileclub.care\/en\/conditions-generales\/","title":{"rendered":"Legal Notice"},"content":{"rendered":"<div data-elementor-type=\"wp-page\" data-elementor-id=\"4184\" class=\"elementor elementor-4184\">\n\t\t\t\t\t\t<section class=\"elementor-section elementor-top-section elementor-element elementor-element-b06182d elementor-section-stretched elementor-section-boxed elementor-section-height-default elementor-section-height-default wpr-particle-no wpr-jarallax-no wpr-parallax-no wpr-sticky-section-no\" data-id=\"b06182d\" data-element_type=\"section\" data-e-type=\"section\" data-settings=\"{&quot;background_background&quot;:&quot;classic&quot;,&quot;stretch_section&quot;:&quot;section-stretched&quot;}\">\n\t\t\t\t\t\t<div class=\"elementor-container elementor-column-gap-default\">\n\t\t\t\t\t<div class=\"elementor-column elementor-col-100 elementor-top-column elementor-element elementor-element-fcb2425\" data-id=\"fcb2425\" data-element_type=\"column\" data-e-type=\"column\">\n\t\t\t<div class=\"elementor-widget-wrap elementor-element-populated\">\n\t\t\t\t\t\t<div class=\"elementor-element elementor-element-1ea175b elementor-widget elementor-widget-cz_title\" data-id=\"1ea175b\" data-element_type=\"widget\" data-e-type=\"widget\" data-widget_type=\"cz_title.default\">\n\t\t\t\t<div class=\"elementor-widget-container\">\n\t\t\t\t\t\t\r\n\t\t<div>\r\n\t\t\t<div class=\"cz_title clr cz_mobile_text_center cz_title_pos_inline\"><div class=\"cz_title_content\"><div class=\"cz_wpe_content\"><h2 style=\"text-align: left;\"><span style=\"color: #333333;\">Legal Notice<\/span><\/h2><\/div><\/div><\/div>\r\n\t\t<\/div>\r\n\t\t\r\n\t\t\t\t\t\t<\/div>\n\t\t\t\t<\/div>\n\t\t\t\t<div class=\"elementor-element elementor-element-a066a10 elementor-widget elementor-widget-spacer\" data-id=\"a066a10\" data-element_type=\"widget\" data-e-type=\"widget\" data-widget_type=\"spacer.default\">\n\t\t\t\t<div class=\"elementor-widget-container\">\n\t\t\t\t\t\t\t<div class=\"elementor-spacer\">\n\t\t\t<div class=\"elementor-spacer-inner\"><\/div>\n\t\t<\/div>\n\t\t\t\t\t\t<\/div>\n\t\t\t\t<\/div>\n\t\t\t\t<div class=\"elementor-element elementor-element-047d108 elementor-widget elementor-widget-text-editor\" data-id=\"047d108\" data-element_type=\"widget\" data-e-type=\"widget\" data-widget_type=\"text-editor.default\">\n\t\t\t\t<div class=\"elementor-widget-container\">\n\t\t\t\t\t\t\t\t\t<h3 style=\"text-align: left;\"><span style=\"color: #333333;\">Site editor<\/span><\/h3><p style=\"text-align: left;\">The Smile Club website is published by :<\/p><p style=\"text-align: left;\">Company name: Smile Align technology<\/p><p style=\"text-align: left;\">Legal form: SARL\u00a0<\/p><p style=\"text-align: left;\">Fiscal code (MF): 1887635Q<\/p><p style=\"text-align: left;\">Head office: R\u00e9sidence Ammouna, boulevard de l'environnement jardin Del menzah<\/p><p style=\"text-align: left;\">Telephone: +216 27 880 280<\/p><p style=\"text-align: left;\">E-mail: contact@smileclub.care<\/p><h3 style=\"text-align: left;\"><span style=\"color: #333333;\">Hosting<\/span><\/h3><p style=\"text-align: left;\">The Site is hosted by : Host : OVH<\/p><p style=\"text-align: left;\">Location: Roubaix, France<\/p><p style=\"text-align: left;\">Contact: support@ovh.com<\/p><h3 style=\"text-align: left;\"><span style=\"color: #333333;\">Medical activity and health information<\/span><\/h3><p style=\"text-align: left;\">The information available on the Site (medical, dental, aesthetic, health, prevention, etc.) is provided for information purposes only. This information in no way replaces a medical consultation, diagnosis or treatment by a qualified health professional. For any medical question or emergency, the User is invited to consult directly a doctor or an authorized health establishment.<\/p><h3 style=\"text-align: left;\"><span style=\"color: #333333;\">Intellectual property<\/span><\/h3><p style=\"text-align: left;\">All content on the Site (text, images, videos, logos, graphic design, structure, etc.) is protected by intellectual property laws. Any reproduction, modification, distribution or use, in whole or in part, without prior written authorization is strictly prohibited.<\/p><h3 style=\"text-align: left;\"><span style=\"color: #333333;\">Personal data &amp; RGPD compliance<\/span><\/h3><p style=\"text-align: left;\">Personal data collected via the Site (contact form, appointment booking, shared medical information, etc.) is processed in accordance with the General Data Protection Regulation (RGPD).<\/p><p style=\"text-align: left;\">-Data controller: Smile Align technology<\/p><p style=\"text-align: left;\">-Contact: contact@smileclub.care<\/p><p style=\"text-align: left;\">Purpose of processing :<\/p><p style=\"text-align: left;\">-Appointment management and patient communication<\/p><p style=\"text-align: left;\">-Response to form requests<\/p><p style=\"text-align: left;\">-Enhanced user experience\u00a0<\/p><p style=\"text-align: left;\">-Sending information (with consent if necessary)<\/p><p style=\"text-align: left;\">User rights :<\/p><p style=\"text-align: left;\">You have the right to access, rectify, delete, oppose, limit and port your data. To exercise your rights, please contact contact@smileclub.care.<\/p><h3 style=\"text-align: left;\"><span style=\"color: #333333;\">Cookies<\/span><\/h3><p style=\"text-align: left;\">The Site uses cookies to ensure its proper functioning and to analyze browsing, only with consent when required. The User may modify or refuse his consent: via the Site's cookies banner or via his browser settings.<\/p><h3 style=\"text-align: left;\"><span style=\"color: #333333;\">Limitation of liability<\/span><\/h3><p style=\"text-align: left;\">Smile Club makes every effort to ensure that the information published on the Site is accurate and up-to-date. However, Smile Club cannot be held responsible for any errors, omissions, or direct or indirect damage resulting from the use of the Site or its content.<\/p><h3 style=\"text-align: left;\"><span style=\"color: #333333;\">Links to third-party sites<\/span><\/h3><p style=\"text-align: left;\">The Site may contain links to external platforms. Smile Club has no control over these sites and accepts no responsibility for their content or use.<\/p><h3 style=\"text-align: left;\"><span style=\"color: #333333;\">Data protection authority<\/span><\/h3><p style=\"text-align: left;\">In Tunisia: the User may appeal to the INPDP in the event of a dispute concerning personal data.<\/p>\t\t\t\t\t\t\t\t<\/div>\n\t\t\t\t<\/div>\n\t\t\t\t<div class=\"elementor-element elementor-element-242c476 elementor-widget elementor-widget-spacer\" data-id=\"242c476\" data-element_type=\"widget\" data-e-type=\"widget\" data-widget_type=\"spacer.default\">\n\t\t\t\t<div class=\"elementor-widget-container\">\n\t\t\t\t\t\t\t<div class=\"elementor-spacer\">\n\t\t\t<div class=\"elementor-spacer-inner\"><\/div>\n\t\t<\/div>\n\t\t\t\t\t\t<\/div>\n\t\t\t\t<\/div>\n\t\t\t\t\t<\/div>\n\t\t<\/div>\n\t\t\t\t\t<\/div>\n\t\t<\/section>\n\t\t\t\t<\/div>","protected":false},"excerpt":{"rendered":"<p>Mentions L\u00e9gales \u00c9diteur du site Le site Smile Club est \u00e9dit\u00e9 &#8230; <\/p>","protected":false},"author":1,"featured_media":0,"parent":0,"menu_order":0,"comment_status":"closed","ping_status":"closed","template":"","meta":{"footnotes":""},"class_list":["post-4184","page","type-page","status-publish","hentry"],"_links":{"self":[{"href":"https:\/\/smileclub.care\/en\/wp-json\/wp\/v2\/pages\/4184","targetHints":{"allow":["GET"]}}],"collection":[{"href":"https:\/\/smileclub.care\/en\/wp-json\/wp\/v2\/pages"}],"about":[{"href":"https:\/\/smileclub.care\/en\/wp-json\/wp\/v2\/types\/page"}],"author":[{"embeddable":true,"href":"https:\/\/smileclub.care\/en\/wp-json\/wp\/v2\/users\/1"}],"replies":[{"embeddable":true,"href":"https:\/\/smileclub.care\/en\/wp-json\/wp\/v2\/comments?post=4184"}],"version-history":[{"count":26,"href":"https:\/\/smileclub.care\/en\/wp-json\/wp\/v2\/pages\/4184\/revisions"}],"predecessor-version":[{"id":5478,"href":"https:\/\/smileclub.care\/en\/wp-json\/wp\/v2\/pages\/4184\/revisions\/5478"}],"wp:attachment":[{"href":"https:\/\/smileclub.care\/en\/wp-json\/wp\/v2\/media?parent=4184"}],"curies":[{"name":"wp","href":"https:\/\/api.w.org\/{rel}","templated":true}]}}