{"id":4184,"date":"2025-11-27T10:27:11","date_gmt":"2025-11-27T10:27:11","guid":{"rendered":"https:\/\/smileclub.care\/?page_id=4184"},"modified":"2026-01-26T11:27:41","modified_gmt":"2026-01-26T11:27:41","slug":"conditions-generales","status":"publish","type":"page","link":"https:\/\/smileclub.care\/ar\/conditions-generales\/","title":{"rendered":"\u0627\u0644\u0645\u0639\u0644\u0648\u0645\u0627\u062a \u0627\u0644\u0642\u0627\u0646\u0648\u0646\u064a\u0629"},"content":{"rendered":"<div data-elementor-type=\"wp-page\" data-elementor-id=\"4184\" class=\"elementor elementor-4184\">\n\t\t\t\t\t\t<section class=\"elementor-section elementor-top-section elementor-element elementor-element-b06182d elementor-section-stretched elementor-section-boxed elementor-section-height-default elementor-section-height-default wpr-particle-no wpr-jarallax-no wpr-parallax-no wpr-sticky-section-no\" data-id=\"b06182d\" data-element_type=\"section\" data-e-type=\"section\" data-settings=\"{&quot;background_background&quot;:&quot;classic&quot;,&quot;stretch_section&quot;:&quot;section-stretched&quot;}\">\n\t\t\t\t\t\t<div class=\"elementor-container elementor-column-gap-default\">\n\t\t\t\t\t<div class=\"elementor-column elementor-col-100 elementor-top-column elementor-element elementor-element-fcb2425\" data-id=\"fcb2425\" data-element_type=\"column\" data-e-type=\"column\">\n\t\t\t<div class=\"elementor-widget-wrap elementor-element-populated\">\n\t\t\t\t\t\t<div class=\"elementor-element elementor-element-1ea175b elementor-widget elementor-widget-cz_title\" data-id=\"1ea175b\" data-element_type=\"widget\" data-e-type=\"widget\" data-widget_type=\"cz_title.default\">\n\t\t\t\t<div class=\"elementor-widget-container\">\n\t\t\t\t\t\t\r\n\t\t<div>\r\n\t\t\t<div class=\"cz_title clr cz_mobile_text_center cz_title_pos_inline\"><div class=\"cz_title_content\"><div class=\"cz_wpe_content\"><h2 style=\"text-align: left;\"><span style=\"color: #333333;\">\u0627\u0644\u0645\u0639\u0644\u0648\u0645\u0627\u062a \u0627\u0644\u0642\u0627\u0646\u0648\u0646\u064a\u0629<\/span><\/h2><\/div><\/div><\/div>\r\n\t\t<\/div>\r\n\t\t\r\n\t\t\t\t\t\t<\/div>\n\t\t\t\t<\/div>\n\t\t\t\t<div class=\"elementor-element elementor-element-a066a10 elementor-widget elementor-widget-spacer\" data-id=\"a066a10\" data-element_type=\"widget\" data-e-type=\"widget\" data-widget_type=\"spacer.default\">\n\t\t\t\t<div class=\"elementor-widget-container\">\n\t\t\t\t\t\t\t<div class=\"elementor-spacer\">\n\t\t\t<div class=\"elementor-spacer-inner\"><\/div>\n\t\t<\/div>\n\t\t\t\t\t\t<\/div>\n\t\t\t\t<\/div>\n\t\t\t\t<div class=\"elementor-element elementor-element-047d108 elementor-widget elementor-widget-text-editor\" data-id=\"047d108\" data-element_type=\"widget\" data-e-type=\"widget\" data-widget_type=\"text-editor.default\">\n\t\t\t\t<div class=\"elementor-widget-container\">\n\t\t\t\t\t\t\t\t\t<h3 style=\"text-align: left;\"><span style=\"color: #333333;\">\u0646\u0627\u0634\u0631 \u0627\u0644\u0645\u0648\u0642\u0639<\/span><\/h3><p style=\"text-align: left;\">\u064a\u062a\u0645 \u0646\u0634\u0631 \u0627\u0644\u0645\u0648\u0642\u0639 \u0627\u0644\u0625\u0644\u0643\u062a\u0631\u0648\u0646\u064a \u0644\u0646\u0627\u062f\u064a \u0627\u0644\u0627\u0628\u062a\u0633\u0627\u0645\u0629 \u0628\u0648\u0627\u0633\u0637\u0629 :<\/p><p style=\"text-align: left;\">\u0627\u0633\u0645 \u0627\u0644\u0634\u0631\u0643\u0629: \u062a\u0642\u0646\u064a\u0629 Smile Align<\/p><p style=\"text-align: left;\">\u0627\u0644\u0634\u0643\u0644 \u0627\u0644\u0642\u0627\u0646\u0648\u0646\u064a: SARL\u00a0<\/p><p style=\"text-align: left;\">\u0627\u0644\u0645\u0639\u0631\u0641 \u0627\u0644\u0636\u0631\u064a\u0628\u064a (MF): 1887635Q<\/p><p style=\"text-align: left;\">\u0627\u0644\u0645\u0643\u062a\u0628 \u0627\u0644\u0631\u0626\u064a\u0633\u064a: \u0631\u064a\u0632\u064a\u062f\u0646\u0633 \u0639\u0645\u0648\u0646\u0629\u060c \u0634\u0627\u0631\u0639 \u0627\u0644\u0628\u064a\u0626\u0629 \u062c\u0627\u0631\u062f\u0627\u0646 \u062f\u064a\u0644 \u0645\u0646\u0632\u0647<\/p><p style=\"text-align: left;\">\u062a\u0644\u064a\u0641\u0648\u0646: +216 27 880 280 27 280<\/p><p style=\"text-align: left;\">\u0627\u0644\u0628\u0631\u064a\u062f \u0627\u0644\u0625\u0644\u0643\u062a\u0631\u0648\u0646\u064a: contact@smileclub.care<\/p><h3 style=\"text-align: left;\"><span style=\"color: #333333;\">\u0627\u0644\u0627\u0633\u062a\u0636\u0627\u0641\u0629<\/span><\/h3><p style=\"text-align: left;\">\u0627\u0644\u0645\u0648\u0642\u0639 \u0645\u0633\u062a\u0636\u0627\u0641 \u0645\u0646 \u0642\u0628\u0644 : \u0627\u0644\u0645\u0636\u064a\u0641: OVH<\/p><p style=\"text-align: left;\">\u0627\u0644\u0645\u0648\u0642\u0639: \u0631\u0648\u0628\u064a\u0647\u060c \u0641\u0631\u0646\u0633\u0627<\/p><p style=\"text-align: left;\">\u0627\u0644\u0627\u062a\u0635\u0627\u0644: support@ovh.com<\/p><h3 style=\"text-align: left;\"><span style=\"color: #333333;\">\u0627\u0644\u0646\u0634\u0627\u0637 \u0627\u0644\u0637\u0628\u064a \u0648\u0627\u0644\u0645\u0639\u0644\u0648\u0645\u0627\u062a \u0627\u0644\u0635\u062d\u064a\u0629<\/span><\/h3><p style=\"text-align: left;\">\u0627\u0644\u0645\u0639\u0644\u0648\u0645\u0627\u062a \u0627\u0644\u0645\u062a\u0648\u0641\u0631\u0629 \u0639\u0644\u0649 \u0627\u0644\u0645\u0648\u0642\u0639 (\u0627\u0644\u0637\u0628\u064a\u0629\u060c \u0637\u0628 \u0627\u0644\u0623\u0633\u0646\u0627\u0646\u060c \u0627\u0644\u062a\u062c\u0645\u064a\u0644\u060c \u0627\u0644\u0635\u062d\u0629\u060c \u0627\u0644\u0648\u0642\u0627\u064a\u0629\u060c \u0625\u0644\u062e) \u0645\u0642\u062f\u0645\u0629 \u0644\u0623\u063a\u0631\u0627\u0636 \u0627\u0644\u0645\u0639\u0644\u0648\u0645\u0627\u062a \u0641\u0642\u0637. \u0644\u0627 \u062a\u062d\u0644 \u0647\u0630\u0647 \u0627\u0644\u0645\u0639\u0644\u0648\u0645\u0627\u062a \u062a\u062d\u062a \u0623\u064a \u0638\u0631\u0641 \u0645\u0646 \u0627\u0644\u0638\u0631\u0648\u0641 \u0645\u062d\u0644 \u0627\u0644\u0627\u0633\u062a\u0634\u0627\u0631\u0629 \u0627\u0644\u0637\u0628\u064a\u0629 \u0623\u0648 \u0627\u0644\u062a\u0634\u062e\u064a\u0635 \u0623\u0648 \u0627\u0644\u0639\u0644\u0627\u062c \u0645\u0646 \u0642\u0628\u0644 \u0623\u062e\u0635\u0627\u0626\u064a \u0635\u062d\u064a \u0645\u0624\u0647\u0644. \u0628\u0627\u0644\u0646\u0633\u0628\u0629 \u0644\u0623\u064a \u0633\u0624\u0627\u0644 \u0637\u0628\u064a \u0623\u0648 \u062d\u0627\u0644\u0629 \u0637\u0628\u064a\u0629 \u0637\u0627\u0631\u0626\u0629\u060c \u064a\u064f\u062f\u0639\u0649 \u0627\u0644\u0645\u0633\u062a\u062e\u062f\u0645 \u0625\u0644\u0649 \u0627\u0633\u062a\u0634\u0627\u0631\u0629 \u0637\u0628\u064a\u0628 \u0623\u0648 \u0645\u0624\u0633\u0633\u0629 \u0635\u062d\u064a\u0629 \u0645\u0639\u062a\u0645\u062f\u0629 \u0645\u0628\u0627\u0634\u0631\u0629\u064b.<\/p><h3 style=\"text-align: left;\"><span style=\"color: #333333;\">\u0627\u0644\u0645\u0644\u0643\u064a\u0629 \u0627\u0644\u0641\u0643\u0631\u064a\u0629<\/span><\/h3><p style=\"text-align: left;\">\u062c\u0645\u064a\u0639 \u0645\u062d\u062a\u0648\u064a\u0627\u062a \u0627\u0644\u0645\u0648\u0642\u0639 (\u0627\u0644\u0646\u0635\u0648\u0635\u060c \u0648\u0627\u0644\u0635\u0648\u0631\u060c \u0648\u0645\u0642\u0627\u0637\u0639 \u0627\u0644\u0641\u064a\u062f\u064a\u0648\u060c \u0648\u0627\u0644\u0634\u0639\u0627\u0631\u0627\u062a\u060c \u0648\u0627\u0644\u062a\u0635\u0645\u064a\u0645 \u0627\u0644\u062c\u0631\u0627\u0641\u064a\u0643\u064a\u060c \u0648\u0627\u0644\u0647\u064a\u0643\u0644\u060c \u0648\u0645\u0627 \u0625\u0644\u0649 \u0630\u0644\u0643) \u0645\u062d\u0645\u064a\u0629 \u0628\u0645\u0648\u062c\u0628 \u0642\u0648\u0627\u0646\u064a\u0646 \u0627\u0644\u0645\u0644\u0643\u064a\u0629 \u0627\u0644\u0641\u0643\u0631\u064a\u0629. \u0648\u064a\u064f\u0645\u0646\u0639 \u0645\u0646\u0639\u0627\u064b \u0628\u0627\u062a\u0627\u064b \u0623\u064a \u0646\u0633\u062e \u0623\u0648 \u062a\u0639\u062f\u064a\u0644 \u0623\u0648 \u062a\u0648\u0632\u064a\u0639 \u0623\u0648 \u0627\u0633\u062a\u062e\u062f\u0627\u0645\u060c \u0643\u0644\u064a\u0627\u064b \u0623\u0648 \u062c\u0632\u0626\u064a\u0627\u064b\u060c \u062f\u0648\u0646 \u0625\u0630\u0646 \u0643\u062a\u0627\u0628\u064a \u0645\u0633\u0628\u0642.<\/p><h3 style=\"text-align: left;\"><span style=\"color: #333333;\">\u0627\u0644\u0628\u064a\u0627\u0646\u0627\u062a \u0627\u0644\u0634\u062e\u0635\u064a\u0629 \u0648\u0627\u0644\u0627\u0645\u062a\u062b\u0627\u0644 \u0644\u0642\u0627\u0646\u0648\u0646 \u062d\u0645\u0627\u064a\u0629 \u0627\u0644\u0628\u064a\u0627\u0646\u0627\u062a \u0627\u0644\u0634\u062e\u0635\u064a\u0629<\/span><\/h3><p style=\"text-align: left;\">\u062a\u062a\u0645 \u0645\u0639\u0627\u0644\u062c\u0629 \u0627\u0644\u0628\u064a\u0627\u0646\u0627\u062a \u0627\u0644\u0634\u062e\u0635\u064a\u0629 \u0627\u0644\u062a\u064a \u064a\u062a\u0645 \u062c\u0645\u0639\u0647\u0627 \u0639\u0628\u0631 \u0627\u0644\u0645\u0648\u0642\u0639 (\u0646\u0645\u0648\u0630\u062c \u0627\u0644\u0627\u062a\u0635\u0627\u0644\u060c \u0648\u062d\u062c\u0632 \u0627\u0644\u0645\u0648\u0627\u0639\u064a\u062f\u060c \u0648\u0627\u0644\u0645\u0639\u0644\u0648\u0645\u0627\u062a \u0627\u0644\u0637\u0628\u064a\u0629 \u0627\u0644\u0645\u0634\u062a\u0631\u0643\u0629\u060c \u0648\u0645\u0627 \u0625\u0644\u0649 \u0630\u0644\u0643) \u0648\u0641\u0642\u064b\u0627 \u0644\u0644\u0627\u0626\u062d\u0629 \u0627\u0644\u0639\u0627\u0645\u0629 \u0644\u062d\u0645\u0627\u064a\u0629 \u0627\u0644\u0628\u064a\u0627\u0646\u0627\u062a (GDPR).<\/p><p style=\"text-align: left;\">-\u0645\u062a\u062d\u0643\u0645 \u0627\u0644\u0628\u064a\u0627\u0646\u0627\u062a: \u062a\u0642\u0646\u064a\u0629 Smile Align<\/p><p style=\"text-align: left;\">-\u0627\u0644\u0627\u062a\u0635\u0627\u0644: contact@smileclub.care<\/p><p style=\"text-align: left;\">\u0627\u0644\u063a\u0631\u0636 \u0645\u0646 \u0627\u0644\u0645\u0639\u0627\u0644\u062c\u0629:<\/p><p style=\"text-align: left;\">-\u0625\u062f\u0627\u0631\u0629 \u0627\u0644\u0645\u0648\u0627\u0639\u064a\u062f \u0648\u0627\u0644\u062a\u0648\u0627\u0635\u0644 \u0645\u0639 \u0627\u0644\u0645\u0631\u0636\u0649<\/p><p style=\"text-align: left;\">-\u0627\u0644\u0631\u062f \u0639\u0644\u0649 \u0627\u0644\u0637\u0644\u0628\u0627\u062a \u0639\u0628\u0631 \u0627\u0644\u0646\u0645\u0627\u0630\u062c<\/p><p style=\"text-align: left;\">-\u062a\u062d\u0633\u064a\u0646 \u062a\u062c\u0631\u0628\u0629 \u0627\u0644\u0645\u0633\u062a\u062e\u062f\u0645\u00a0<\/p><p style=\"text-align: left;\">-\u0625\u0631\u0633\u0627\u0644 \u0627\u0644\u0645\u0639\u0644\u0648\u0645\u0627\u062a (\u0645\u0639 \u0627\u0644\u0645\u0648\u0627\u0641\u0642\u0629 \u0625\u0630\u0627 \u0644\u0632\u0645 \u0627\u0644\u0623\u0645\u0631)<\/p><p style=\"text-align: left;\">\u062d\u0642\u0648\u0642 \u0627\u0644\u0645\u0633\u062a\u062e\u062f\u0645 :<\/p><p style=\"text-align: left;\">\u0644\u062f\u064a\u0643 \u0627\u0644\u062d\u0642 \u0641\u064a \u0627\u0644\u0648\u0635\u0648\u0644 \u0625\u0644\u0649 \u0628\u064a\u0627\u0646\u0627\u062a\u0643 \u0648\u062a\u0635\u062d\u064a\u062d\u0647\u0627 \u0648\u062d\u0630\u0641\u0647\u0627 \u0648\u0645\u0639\u0627\u0631\u0636\u062a\u0647\u0627 \u0648\u062a\u0642\u064a\u064a\u062f\u0647\u0627 \u0648\u0646\u0642\u0644\u0647\u0627. \u0644\u0645\u0645\u0627\u0631\u0633\u0629 \u062d\u0642\u0648\u0642\u0643\u060c \u064a\u064f\u0631\u062c\u0649 \u0627\u0644\u0627\u062a\u0635\u0627\u0644 \u0628\u0640 contact@smileclub.care.<\/p><h3 style=\"text-align: left;\"><span style=\"color: #333333;\">\u0627\u0644\u0643\u0648\u0643\u064a\u0632<\/span><\/h3><p style=\"text-align: left;\">\u064a\u0633\u062a\u062e\u062f\u0645 \u0627\u0644\u0645\u0648\u0642\u0639 \u0645\u0644\u0641\u0627\u062a \u062a\u0639\u0631\u064a\u0641 \u0627\u0644\u0627\u0631\u062a\u0628\u0627\u0637 \u0644\u0636\u0645\u0627\u0646 \u0639\u0645\u0644\u0647 \u0628\u0634\u0643\u0644 \u0635\u062d\u064a\u062d \u0648\u0644\u062a\u062d\u0644\u064a\u0644 \u0627\u0644\u062a\u0635\u0641\u062d\u060c \u0641\u0642\u0637 \u0628\u0627\u0644\u0645\u0648\u0627\u0641\u0642\u0629 \u0639\u0646\u062f \u0627\u0644\u062d\u0627\u062c\u0629. \u064a\u0645\u0643\u0646 \u0644\u0644\u0645\u0633\u062a\u062e\u062f\u0645\u064a\u0646 \u062a\u0639\u062f\u064a\u0644 \u0645\u0648\u0627\u0641\u0642\u062a\u0647\u0645 \u0623\u0648 \u0631\u0641\u0636\u0647\u0627: \u0645\u0646 \u062e\u0644\u0627\u0644 \u0644\u0627\u0641\u062a\u0629 \u0645\u0644\u0641\u0627\u062a \u062a\u0639\u0631\u064a\u0641 \u0627\u0644\u0627\u0631\u062a\u0628\u0627\u0637 \u0627\u0644\u062e\u0627\u0635\u0629 \u0628\u0627\u0644\u0645\u0648\u0642\u0639 \u0623\u0648 \u0645\u0646 \u062e\u0644\u0627\u0644 \u0625\u0639\u062f\u0627\u062f\u0627\u062a \u0627\u0644\u0645\u062a\u0635\u0641\u062d.<\/p><h3 style=\"text-align: left;\"><span style=\"color: #333333;\">\u062a\u062d\u062f\u064a\u062f \u0627\u0644\u0645\u0633\u0624\u0648\u0644\u064a\u0629<\/span><\/h3><p style=\"text-align: left;\">\u064a\u0628\u0630\u0644 \u0646\u0627\u062f\u064a \u0627\u0644\u0627\u0628\u062a\u0633\u0627\u0645\u0629 \u0643\u0644 \u062c\u0647\u062f \u0645\u0645\u0643\u0646 \u0644\u0636\u0645\u0627\u0646 \u062f\u0642\u0629 \u0648\u062a\u062d\u062f\u064a\u062b \u0627\u0644\u0645\u0639\u0644\u0648\u0645\u0627\u062a \u0627\u0644\u0645\u0646\u0634\u0648\u0631\u0629 \u0639\u0644\u0649 \u0627\u0644\u0645\u0648\u0642\u0639. \u0648\u0645\u0639 \u0630\u0644\u0643\u060c \u0644\u0627 \u064a\u0645\u0643\u0646 \u0623\u0646 \u064a\u062a\u062d\u0645\u0644 \u0646\u0627\u062f\u064a \u0627\u0644\u0627\u0628\u062a\u0633\u0627\u0645\u0629 \u0627\u0644\u0645\u0633\u0624\u0648\u0644\u064a\u0629 \u0639\u0646 \u0623\u064a \u0623\u062e\u0637\u0627\u0621 \u0623\u0648 \u0633\u0647\u0648 \u0623\u0648 \u0636\u0631\u0631 \u0645\u0628\u0627\u0634\u0631 \u0623\u0648 \u063a\u064a\u0631 \u0645\u0628\u0627\u0634\u0631 \u0646\u0627\u062a\u062c \u0639\u0646 \u0627\u0633\u062a\u062e\u062f\u0627\u0645 \u0627\u0644\u0645\u0648\u0642\u0639 \u0623\u0648 \u0645\u062d\u062a\u0648\u0627\u0647.<\/p><h3 style=\"text-align: left;\"><span style=\"color: #333333;\">\u0631\u0648\u0627\u0628\u0637 \u0644\u0645\u0648\u0627\u0642\u0639 \u0627\u0644\u062c\u0647\u0627\u062a \u0627\u0644\u062e\u0627\u0631\u062c\u064a\u0629<\/span><\/h3><p style=\"text-align: left;\">\u0642\u062f \u064a\u062d\u062a\u0648\u064a \u0627\u0644\u0645\u0648\u0642\u0639 \u0639\u0644\u0649 \u0631\u0648\u0627\u0628\u0637 \u0644\u0645\u0646\u0635\u0627\u062a \u062e\u0627\u0631\u062c\u064a\u0629. \u0644\u0627 \u064a\u062a\u062d\u0643\u0645 \u0646\u0627\u062f\u064a \u0627\u0644\u0627\u0628\u062a\u0633\u0627\u0645\u0629 \u0641\u064a \u0647\u0630\u0647 \u0627\u0644\u0645\u0648\u0627\u0642\u0639 \u0648\u0644\u0627 \u064a\u062a\u062d\u0645\u0644 \u0623\u064a \u0645\u0633\u0624\u0648\u0644\u064a\u0629 \u0639\u0646 \u0645\u062d\u062a\u0648\u0627\u0647\u0627 \u0623\u0648 \u0627\u0633\u062a\u062e\u062f\u0627\u0645\u0647\u0627.<\/p><h3 style=\"text-align: left;\"><span style=\"color: #333333;\">\u0647\u064a\u0626\u0629 \u062d\u0645\u0627\u064a\u0629 \u0627\u0644\u0628\u064a\u0627\u0646\u0627\u062a<\/span><\/h3><p style=\"text-align: left;\">\u0641\u064a \u062a\u0648\u0646\u0633: \u064a\u062c\u0648\u0632 \u0644\u0644\u0645\u0633\u062a\u062e\u062f\u0645 \u0641\u064a \u062a\u0648\u0646\u0633 \u0625\u062d\u0627\u0644\u0629 \u0623\u064a \u0646\u0632\u0627\u0639 \u064a\u062a\u0639\u0644\u0642 \u0628\u0627\u0644\u0628\u064a\u0627\u0646\u0627\u062a \u0627\u0644\u0634\u062e\u0635\u064a\u0629 \u0625\u0644\u0649 \u0627\u0644\u0645\u0639\u0647\u062f \u0627\u0644\u0648\u0637\u0646\u064a \u0644\u062d\u0645\u0627\u064a\u0629 \u0627\u0644\u0628\u064a\u0627\u0646\u0627\u062a \u0627\u0644\u0634\u062e\u0635\u064a\u0629.<\/p>\t\t\t\t\t\t\t\t<\/div>\n\t\t\t\t<\/div>\n\t\t\t\t<div class=\"elementor-element elementor-element-242c476 elementor-widget elementor-widget-spacer\" data-id=\"242c476\" data-element_type=\"widget\" data-e-type=\"widget\" data-widget_type=\"spacer.default\">\n\t\t\t\t<div class=\"elementor-widget-container\">\n\t\t\t\t\t\t\t<div class=\"elementor-spacer\">\n\t\t\t<div class=\"elementor-spacer-inner\"><\/div>\n\t\t<\/div>\n\t\t\t\t\t\t<\/div>\n\t\t\t\t<\/div>\n\t\t\t\t\t<\/div>\n\t\t<\/div>\n\t\t\t\t\t<\/div>\n\t\t<\/section>\n\t\t\t\t<\/div>","protected":false},"excerpt":{"rendered":"<p>Mentions L\u00e9gales \u00c9diteur du site Le site Smile Club est \u00e9dit\u00e9 &#8230; <\/p>","protected":false},"author":1,"featured_media":0,"parent":0,"menu_order":0,"comment_status":"closed","ping_status":"closed","template":"","meta":{"footnotes":""},"class_list":["post-4184","page","type-page","status-publish","hentry"],"_links":{"self":[{"href":"https:\/\/smileclub.care\/ar\/wp-json\/wp\/v2\/pages\/4184","targetHints":{"allow":["GET"]}}],"collection":[{"href":"https:\/\/smileclub.care\/ar\/wp-json\/wp\/v2\/pages"}],"about":[{"href":"https:\/\/smileclub.care\/ar\/wp-json\/wp\/v2\/types\/page"}],"author":[{"embeddable":true,"href":"https:\/\/smileclub.care\/ar\/wp-json\/wp\/v2\/users\/1"}],"replies":[{"embeddable":true,"href":"https:\/\/smileclub.care\/ar\/wp-json\/wp\/v2\/comments?post=4184"}],"version-history":[{"count":26,"href":"https:\/\/smileclub.care\/ar\/wp-json\/wp\/v2\/pages\/4184\/revisions"}],"predecessor-version":[{"id":5478,"href":"https:\/\/smileclub.care\/ar\/wp-json\/wp\/v2\/pages\/4184\/revisions\/5478"}],"wp:attachment":[{"href":"https:\/\/smileclub.care\/ar\/wp-json\/wp\/v2\/media?parent=4184"}],"curies":[{"name":"\u062f\u0628\u0644\u064a\u0648 \u0628\u064a","href":"https:\/\/api.w.org\/{rel}","templated":true}]}}